{"id":184,"date":"2023-08-18T16:19:53","date_gmt":"2023-08-18T14:19:53","guid":{"rendered":"https:\/\/serra.ms2.decms.eu\/rooms-suites\/chambre-signature-avec-terrasse\/"},"modified":"2024-01-08T15:45:18","modified_gmt":"2024-01-08T14:45:18","slug":"signature-room-with-a-terrasse","status":"publish","type":"page","link":"https:\/\/serra-hotel-agen.fr\/en\/rooms-suites\/signature-room-with-a-terrasse\/","title":{"rendered":"Signature room with a terrasse"},"content":{"rendered":"<p style=\"text-align: center;\">Une belle terrasse privative en rooftop (32 m\u00b2) prolonge chacune de ces chambres spacieuses (36m\u00b2) et lumineuses \u00e0 l\u2019atmosph\u00e8re douce et chaleureuse : une vraie invitation au repos. Vous pourrez vous d\u00e9tendre dans le coin salon, dans un d\u00e9cor inspir\u00e9 du v\u00e9g\u00e9tal.<\/p>\n<p style=\"text-align: center;\">Les mati\u00e8res naturelles sont \u00e9galement \u00e0 l&#8217;honneur : draps en lin, luminaires et fauteuil en rotin tress\u00e9s \u00e0 la main. Pour un s\u00e9jour paisible et ressour\u00e7ant, nous avons choisi du mobilier aux courbes arrondies directement inspir\u00e9es du style pop\u2019art, une literie de luxe, fruit d\u2019un savoir-faire artisanal et des derni\u00e8res innovations fran\u00e7aises de relaxation.<\/p>\n<p style=\"text-align: center;\">Apr\u00e8s une visite de la ville et de la r\u00e9gion, vous pourrez prendre le temps de vous relaxer dans la grande salle de bain avec douche et baignoire.<\/p>\n","protected":false},"excerpt":{"rendered":"<p>Une belle terrasse privative en rooftop (32 m\u00b2) prolonge chacune de ces chambres spacieuses (36m\u00b2) et lumineuses \u00e0 l\u2019atmosph\u00e8re douce et chaleureuse : une vraie invitation au repos. Vous pourrez vous d\u00e9tendre dans le coin salon, dans un d\u00e9cor inspir\u00e9 du v\u00e9g\u00e9tal. Les mati\u00e8res naturelles sont \u00e9galement \u00e0 l&#8217;honneur : draps en lin, luminaires et [&hellip;]<\/p>\n","protected":false},"author":15,"featured_media":0,"parent":149,"menu_order":50,"comment_status":"closed","ping_status":"closed","template":"template-single-room.php","meta":{"footnotes":""},"yoast_head":"<!-- This site is optimized with the Yoast SEO plugin v22.3 - https:\/\/yoast.com\/wordpress\/plugins\/seo\/ -->\n<title>Suite - Agen | Serra Boutique H\u00f4tel<\/title>\n<meta name=\"description\" content=\"Stay in our Suite for 2 people at the Serra Boutique Hotel in Agen and enjoy a contemporary design inspired by nature and a breathtaking view of the city.\" \/>\n<meta name=\"robots\" content=\"index, follow, max-snippet:-1, max-image-preview:large, max-video-preview:-1\" \/>\n<link rel=\"canonical\" href=\"https:\/\/serra-hotel-agen.fr\/en\/rooms-suites\/signature-room-with-a-terrasse\/\" \/>\n<meta property=\"og:locale\" content=\"en_US\" \/>\n<meta property=\"og:type\" content=\"article\" \/>\n<meta property=\"og:title\" content=\"Suite - Agen | Serra Boutique H\u00f4tel\" \/>\n<meta property=\"og:description\" content=\"Stay in our Suite for 2 people at the Serra Boutique Hotel in Agen and enjoy a contemporary design inspired by nature and a breathtaking view of the city.\" \/>\n<meta property=\"og:url\" content=\"https:\/\/serra-hotel-agen.fr\/en\/rooms-suites\/signature-room-with-a-terrasse\/\" \/>\n<meta property=\"og:site_name\" content=\"Serra\" \/>\n<meta property=\"article:modified_time\" content=\"2024-01-08T14:45:18+00:00\" \/>\n<meta name=\"twitter:card\" content=\"summary_large_image\" \/>\n<meta name=\"twitter:label1\" content=\"Est. reading time\" \/>\n\t<meta name=\"twitter:data1\" content=\"1 minute\" \/>\n<script type=\"application\/ld+json\" class=\"yoast-schema-graph\">{\"@context\":\"https:\/\/schema.org\",\"@graph\":[{\"@type\":\"WebPage\",\"@id\":\"https:\/\/serra-hotel-agen.fr\/en\/rooms-suites\/signature-room-with-a-terrasse\/\",\"url\":\"https:\/\/serra-hotel-agen.fr\/en\/rooms-suites\/signature-room-with-a-terrasse\/\",\"name\":\"Suite - Agen | Serra Boutique H\u00f4tel\",\"isPartOf\":{\"@id\":\"https:\/\/serra-hotel-agen.fr\/en\/#website\"},\"datePublished\":\"2023-08-18T14:19:53+00:00\",\"dateModified\":\"2024-01-08T14:45:18+00:00\",\"description\":\"Stay in our Suite for 2 people at the Serra Boutique Hotel in Agen and enjoy a contemporary design inspired by nature and a breathtaking view of the city.\",\"breadcrumb\":{\"@id\":\"https:\/\/serra-hotel-agen.fr\/en\/rooms-suites\/signature-room-with-a-terrasse\/#breadcrumb\"},\"inLanguage\":\"en-US\",\"potentialAction\":[{\"@type\":\"ReadAction\",\"target\":[\"https:\/\/serra-hotel-agen.fr\/en\/rooms-suites\/signature-room-with-a-terrasse\/\"]}]},{\"@type\":\"BreadcrumbList\",\"@id\":\"https:\/\/serra-hotel-agen.fr\/en\/rooms-suites\/signature-room-with-a-terrasse\/#breadcrumb\",\"itemListElement\":[{\"@type\":\"ListItem\",\"position\":1,\"name\":\"Accueil\",\"item\":\"https:\/\/serra-hotel-agen.fr\/en\/\"},{\"@type\":\"ListItem\",\"position\":2,\"name\":\"Rooms &#038; suites\",\"item\":\"https:\/\/serra-hotel-agen.fr\/en\/rooms-suites\/\"},{\"@type\":\"ListItem\",\"position\":3,\"name\":\"Signature room with a terrasse\"}]},{\"@type\":\"WebSite\",\"@id\":\"https:\/\/serra-hotel-agen.fr\/en\/#website\",\"url\":\"https:\/\/serra-hotel-agen.fr\/en\/\",\"name\":\"Serra\",\"description\":\"\",\"potentialAction\":[{\"@type\":\"SearchAction\",\"target\":{\"@type\":\"EntryPoint\",\"urlTemplate\":\"https:\/\/serra-hotel-agen.fr\/en\/?s={search_term_string}\"},\"query-input\":\"required name=search_term_string\"}],\"inLanguage\":\"en-US\"}]}<\/script>\n<!-- \/ Yoast SEO plugin. -->","yoast_head_json":{"title":"Suite - Agen | Serra Boutique H\u00f4tel","description":"Stay in our Suite for 2 people at the Serra Boutique Hotel in Agen and enjoy a contemporary design inspired by nature and a breathtaking view of the city.","robots":{"index":"index","follow":"follow","max-snippet":"max-snippet:-1","max-image-preview":"max-image-preview:large","max-video-preview":"max-video-preview:-1"},"canonical":"https:\/\/serra-hotel-agen.fr\/en\/rooms-suites\/signature-room-with-a-terrasse\/","og_locale":"en_US","og_type":"article","og_title":"Suite - Agen | Serra Boutique H\u00f4tel","og_description":"Stay in our Suite for 2 people at the Serra Boutique Hotel in Agen and enjoy a contemporary design inspired by nature and a breathtaking view of the city.","og_url":"https:\/\/serra-hotel-agen.fr\/en\/rooms-suites\/signature-room-with-a-terrasse\/","og_site_name":"Serra","article_modified_time":"2024-01-08T14:45:18+00:00","twitter_card":"summary_large_image","twitter_misc":{"Est. reading time":"1 minute"},"schema":{"@context":"https:\/\/schema.org","@graph":[{"@type":"WebPage","@id":"https:\/\/serra-hotel-agen.fr\/en\/rooms-suites\/signature-room-with-a-terrasse\/","url":"https:\/\/serra-hotel-agen.fr\/en\/rooms-suites\/signature-room-with-a-terrasse\/","name":"Suite - Agen | Serra Boutique H\u00f4tel","isPartOf":{"@id":"https:\/\/serra-hotel-agen.fr\/en\/#website"},"datePublished":"2023-08-18T14:19:53+00:00","dateModified":"2024-01-08T14:45:18+00:00","description":"Stay in our Suite for 2 people at the Serra Boutique Hotel in Agen and enjoy a contemporary design inspired by nature and a breathtaking view of the city.","breadcrumb":{"@id":"https:\/\/serra-hotel-agen.fr\/en\/rooms-suites\/signature-room-with-a-terrasse\/#breadcrumb"},"inLanguage":"en-US","potentialAction":[{"@type":"ReadAction","target":["https:\/\/serra-hotel-agen.fr\/en\/rooms-suites\/signature-room-with-a-terrasse\/"]}]},{"@type":"BreadcrumbList","@id":"https:\/\/serra-hotel-agen.fr\/en\/rooms-suites\/signature-room-with-a-terrasse\/#breadcrumb","itemListElement":[{"@type":"ListItem","position":1,"name":"Accueil","item":"https:\/\/serra-hotel-agen.fr\/en\/"},{"@type":"ListItem","position":2,"name":"Rooms &#038; suites","item":"https:\/\/serra-hotel-agen.fr\/en\/rooms-suites\/"},{"@type":"ListItem","position":3,"name":"Signature room with a terrasse"}]},{"@type":"WebSite","@id":"https:\/\/serra-hotel-agen.fr\/en\/#website","url":"https:\/\/serra-hotel-agen.fr\/en\/","name":"Serra","description":"","potentialAction":[{"@type":"SearchAction","target":{"@type":"EntryPoint","urlTemplate":"https:\/\/serra-hotel-agen.fr\/en\/?s={search_term_string}"},"query-input":"required name=search_term_string"}],"inLanguage":"en-US"}]}},"acf":[],"_links":{"self":[{"href":"https:\/\/serra-hotel-agen.fr\/en\/wp-json\/wp\/v2\/pages\/184"}],"collection":[{"href":"https:\/\/serra-hotel-agen.fr\/en\/wp-json\/wp\/v2\/pages"}],"about":[{"href":"https:\/\/serra-hotel-agen.fr\/en\/wp-json\/wp\/v2\/types\/page"}],"author":[{"embeddable":true,"href":"https:\/\/serra-hotel-agen.fr\/en\/wp-json\/wp\/v2\/users\/15"}],"replies":[{"embeddable":true,"href":"https:\/\/serra-hotel-agen.fr\/en\/wp-json\/wp\/v2\/comments?post=184"}],"version-history":[{"count":0,"href":"https:\/\/serra-hotel-agen.fr\/en\/wp-json\/wp\/v2\/pages\/184\/revisions"}],"up":[{"embeddable":true,"href":"https:\/\/serra-hotel-agen.fr\/en\/wp-json\/wp\/v2\/pages\/149"}],"wp:attachment":[{"href":"https:\/\/serra-hotel-agen.fr\/en\/wp-json\/wp\/v2\/media?parent=184"}],"curies":[{"name":"wp","href":"https:\/\/api.w.org\/{rel}","templated":true}]}}